{"id":6021,"date":"2024-11-01T11:16:10","date_gmt":"2024-11-01T11:16:10","guid":{"rendered":"https:\/\/modernshop.liquid-themes.com\/elementor\/?page_id=12"},"modified":"2025-02-21T08:28:05","modified_gmt":"2025-02-21T08:28:05","slug":"terms-conditions","status":"publish","type":"page","link":"https:\/\/moewelt.com\/de\/terms-conditions\/","title":{"rendered":"Allgemeine Gesch\u00e4ftsbedingungen"},"content":{"rendered":"<div data-elementor-type=\"wp-page\" data-elementor-id=\"6021\" class=\"elementor elementor-6021\" data-elementor-post-type=\"page\">\n\t\t\t\t<div class=\"elementor-element elementor-element-4d1e848c e-flex e-con-boxed e-con e-parent\" data-id=\"4d1e848c\" data-element_type=\"container\" data-e-type=\"container\">\n\t\t\t\t\t<div class=\"e-con-inner\">\n\t\t\t\t<div class=\"elementor-element elementor-element-12d6690b elementor-widget elementor-widget-text-editor\" data-id=\"12d6690b\" data-element_type=\"widget\" data-e-type=\"widget\" data-widget_type=\"text-editor.default\">\n\t\t\t\t<div class=\"elementor-widget-container\">\n\t\t\t\t\t\t\t\t\t<p><span style=\"font-weight: 400;\">Willkommen bei Moewelt!<\/span><\/p>\n<p><span style=\"font-weight: 400;\">Diese Gesch\u00e4ftsbedingungen legen die Regeln und Vorschriften f\u00fcr die Nutzung der Website von moewelt GbR fest, die sich unter folgender Adresse befindet:<\/span><a href=\"https:\/\/moewelt.de\/\"> <span style=\"font-weight: 400;\">https:\/\/moewelt.<\/span><\/a><span style=\"font-weight: 400;\">com<\/span><\/p>\n<p><span style=\"font-weight: 400;\">Durch den Zugriff auf diese Website gehen wir davon aus, dass Sie diese Gesch\u00e4ftsbedingungen akzeptieren. Wenn Sie den auf dieser Seite aufgef\u00fchrten Gesch\u00e4ftsbedingungen nicht zustimmen, nutzen Sie moewelt bitte nicht weiter.<\/span><\/p>\n<p><strong>Cookies:<\/strong><\/p>\n<p><span style=\"font-weight: 400;\">Die Website verwendet Cookies, um Ihr Online-Erlebnis zu personalisieren. Durch den Zugriff auf moewelt stimmen Sie der Verwendung der erforderlichen Cookies zu.<\/span><\/p>\n<p><span style=\"font-weight: 400;\">Ein Cookie ist eine Textdatei, die von einem Webserver auf Ihrer Festplatte gespeichert wird. Cookies k\u00f6nnen nicht verwendet werden, um Programme auszuf\u00fchren oder Viren auf Ihren Computer zu \u00fcbertragen. Sie sind eindeutig Ihnen zugewiesen und k\u00f6nnen nur von einem Webserver in der Domain gelesen werden, die das Cookie ausgegeben hat.<\/span><\/p>\n<p><span style=\"font-weight: 400;\">Wir k\u00f6nnen Cookies verwenden, um Informationen zu sammeln, zu speichern und zu verfolgen, die zu statistischen oder Marketingzwecken f\u00fcr den Betrieb unserer Website dienen. Sie haben die M\u00f6glichkeit, optionale Cookies zu akzeptieren oder abzulehnen. Es gibt jedoch einige erforderliche Cookies, die f\u00fcr den Betrieb unserer Website notwendig sind. Diese Cookies erfordern keine Zustimmung, da sie immer aktiv sind. Bitte beachten Sie, dass Sie mit der Zustimmung zu erforderlichen Cookies auch Drittanbieter-Cookies akzeptieren, die \u00fcber von Drittanbietern bereitgestellte Dienste verwendet werden k\u00f6nnen, wenn Sie solche Dienste auf unserer Website nutzen \u2013 zum Beispiel ein von Dritten bereitgestelltes und in unsere Website integriertes Videofenster.<\/span><\/p>\n<p><strong>Lizenz:<\/strong><\/p>\n<p><span style=\"font-weight: 400;\">Sofern nicht anders angegeben, besitzt moewelt GbR und\/oder ihre Lizenzgeber die geistigen Eigentumsrechte an allen Materialien auf moewelt. Alle geistigen Eigentumsrechte sind vorbehalten. Sie d\u00fcrfen auf moewelt f\u00fcr Ihren eigenen pers\u00f6nlichen Gebrauch zugreifen, vorbehaltlich der in diesen Gesch\u00e4ftsbedingungen festgelegten Einschr\u00e4nkungen.<\/span><\/p>\n<p><strong>Sie d\u00fcrfen nicht:<\/strong><\/p>\n<ul>\n<li style=\"font-weight: 400;\" aria-level=\"1\"><span style=\"font-weight: 400;\">Material von moewelt kopieren oder erneut ver\u00f6ffentlichen<\/span><\/li>\n<li style=\"font-weight: 400;\" aria-level=\"1\"><span style=\"font-weight: 400;\">Material von moewelt verkaufen, vermieten oder unterlizenzieren<\/span><\/li>\n<li style=\"font-weight: 400;\" aria-level=\"1\"><span style=\"font-weight: 400;\">Reproduce, duplicate or copy material from moewelt<\/span><\/li>\n<li style=\"font-weight: 400;\" aria-level=\"1\"><span style=\"font-weight: 400;\">Inhalte von moewelt weiterverbreiten<\/span><\/li>\n<\/ul>\n<p><span style=\"font-weight: 400;\">Diese Vereinbarung beginnt mit dem Datum dieses Dokuments.<\/span><\/p>\n<p><span style=\"font-weight: 400;\">Einige Bereiche dieser Website bieten Nutzern die M\u00f6glichkeit, Meinungen und Informationen zu ver\u00f6ffentlichen und auszutauschen. moewelt GbR filtert, bearbeitet, ver\u00f6ffentlicht oder \u00fcberpr\u00fcft Kommentare nicht, bevor sie auf der Website erscheinen. Kommentare spiegeln nicht die Ansichten und Meinungen von moewelt GbR, seinen Agenten und\/oder Partnern wider. Sie geben ausschlie\u00dflich die Ansichten und Meinungen der Person wieder, die sie ver\u00f6ffentlicht. Soweit nach geltendem Recht zul\u00e4ssig, \u00fcbernimmt moewelt GbR keine Haftung f\u00fcr die Kommentare sowie f\u00fcr daraus resultierende Sch\u00e4den, Kosten oder Aufwendungen, die durch die Nutzung, Ver\u00f6ffentlichung oder das Erscheinen der Kommentare auf dieser Website entstehen.<\/span><\/p>\n<p><span style=\"font-weight: 400;\">moewelt GbR beh\u00e4lt sich das Recht vor, alle Kommentare zu \u00fcberwachen und Kommentare zu entfernen, die als unangemessen, beleidigend oder als Versto\u00df gegen diese Allgemeinen Gesch\u00e4ftsbedingungen angesehen werden k\u00f6nnen.<\/span><\/p>\n<p><strong>Sie garantieren und versichern, dass:<\/strong><\/p>\n<ul>\n<li style=\"font-weight: 400;\" aria-level=\"1\"><span style=\"font-weight: 400;\">Sie berechtigt sind, die Kommentare auf unserer Website zu ver\u00f6ffentlichen und alle erforderlichen Lizenzen und Zustimmungen daf\u00fcr besitzen.<\/span><\/li>\n<li style=\"font-weight: 400;\" aria-level=\"1\"><span style=\"font-weight: 400;\">Die Kommentare verletzen keine geistigen Eigentumsrechte, einschlie\u00dflich, aber nicht beschr\u00e4nkt auf Urheberrechte, Patente oder Markenrechte Dritter.<\/span><\/li>\n<li style=\"font-weight: 400;\" aria-level=\"1\"><span style=\"font-weight: 400;\">Die Kommentare enthalten kein diffamierendes, verleumderisches, anst\u00f6\u00dfiges, unanst\u00e4ndiges oder anderweitig rechtswidriges Material, das die Privatsph\u00e4re verletzt.<\/span><\/li>\n<li style=\"font-weight: 400;\" aria-level=\"1\"><span style=\"font-weight: 400;\">Die Kommentare werden nicht zur Werbung oder F\u00f6rderung von Gesch\u00e4ften oder Kunden, zur Darstellung kommerzieller Aktivit\u00e4ten oder f\u00fcr rechtswidrige Aktivit\u00e4ten verwendet.<\/span><\/li>\n<\/ul>\n<p><span style=\"font-weight: 400;\">Sie gew\u00e4hren moewelt GbR hiermit eine nicht-exklusive Lizenz, Ihre Kommentare in jeglicher Form, Format oder Medien zu verwenden, zu reproduzieren, zu bearbeiten und anderen die Nutzung, Reproduktion und Bearbeitung zu gestatten.<\/span><\/p>\n<p><strong>Verlinkung zu unseren Inhalten:<\/strong><\/p>\n<p><span style=\"font-weight: 400;\">Die folgenden Organisationen d\u00fcrfen ohne vorherige schriftliche Genehmigung auf unsere Website verlinken:<\/span><\/p>\n<ul>\n<li style=\"font-weight: 400;\" aria-level=\"1\"><span style=\"font-weight: 400;\">Regierungsbeh\u00f6rden;<\/span><\/li>\n<li style=\"font-weight: 400;\" aria-level=\"1\"><span style=\"font-weight: 400;\">Suchmaschinen;<\/span><\/li>\n<li style=\"font-weight: 400;\" aria-level=\"1\"><span style=\"font-weight: 400;\">Nachrichtenorganisationen;<\/span><\/li>\n<li style=\"font-weight: 400;\" aria-level=\"1\"><span style=\"font-weight: 400;\">Online-Verzeichnisanbieter d\u00fcrfen in derselben Weise auf unsere Website verlinken, wie sie auf die Websites anderer gelisteter Unternehmen verlinken; und<\/span><\/li>\n<li style=\"font-weight: 400;\" aria-level=\"1\"><span style=\"font-weight: 400;\">Systemweit akkreditierte Unternehmen, mit Ausnahme von werbenden gemeinn\u00fctzigen Organisationen, Charity-Shopping-Malls und Gruppen zur Spendensammlung, die nicht auf unsere Website verlinken d\u00fcrfen.<\/span><\/li>\n<\/ul>\n<p><span style=\"font-weight: 400;\">Diese Organisationen d\u00fcrfen auf unsere Startseite, Ver\u00f6ffentlichungen oder andere Website-Informationen verlinken, sofern der Link: (a) in keiner Weise irref\u00fchrend ist; (b) keine f\u00e4lschliche Sponsoring-, Unterst\u00fctzungs- oder Genehmigungsbehauptung in Bezug auf die verlinkende Partei und deren Produkte und\/oder Dienstleistungen impliziert; und (c) sich in den Kontext der Website der verlinkenden Partei einf\u00fcgt.<\/span><\/p>\n<p><span style=\"font-weight: 400;\">Wir k\u00f6nnen weitere Linkanfragen von den folgenden Organisationstypen pr\u00fcfen und genehmigen:<\/span><\/p>\n<ul>\n<li style=\"font-weight: 400;\" aria-level=\"1\"><span style=\"font-weight: 400;\">Commonly-known consumer and\/or business information sources;<\/span><\/li>\n<li style=\"font-weight: 400;\" aria-level=\"1\"><a href=\"http:\/\/dot.com\/\"><span style=\"font-weight: 400;\">Dot.<\/span><\/a><span style=\"font-weight: 400;\">de community sites;<\/span><\/li>\n<li style=\"font-weight: 400;\" aria-level=\"1\"><span style=\"font-weight: 400;\">Associations or other groups representing charities;<\/span><\/li>\n<li style=\"font-weight: 400;\" aria-level=\"1\"><span style=\"font-weight: 400;\">Online directory distributors;<\/span><\/li>\n<li style=\"font-weight: 400;\" aria-level=\"1\"><span style=\"font-weight: 400;\">Internet portals;<\/span><\/li>\n<li style=\"font-weight: 400;\" aria-level=\"1\"><span style=\"font-weight: 400;\">Accounting, law, and consulting firms; and<\/span><\/li>\n<li style=\"font-weight: 400;\" aria-level=\"1\"><span style=\"font-weight: 400;\">Educational institutions and trade associations.<\/span><\/li>\n<\/ul>\n<p><span style=\"font-weight: 400;\">Wir werden Linkanfragen von diesen Organisationen genehmigen, wenn wir entscheiden, dass: (a) der Link uns selbst oder unseren akkreditierten Unternehmen nicht in einem negativen Licht erscheinen l\u00e4sst; (b) die Organisation keine negativen Eintr\u00e4ge bei uns hat; (c) der Nutzen f\u00fcr uns durch die Sichtbarkeit des Hyperlinks das Fehlen von moewelt GbR ausgleicht; und (d) der Link im Kontext allgemeiner Informationsressourcen steht.<\/span><\/p>\n<p><span style=\"font-weight: 400;\">Diese Organisationen d\u00fcrfen auf unsere Homepage verlinken, solange der Link: (a) in keiner Weise irref\u00fchrend ist; (b) nicht f\u00e4lschlicherweise eine Unterst\u00fctzung, Bef\u00fcrwortung oder Genehmigung der verlinkenden Partei und ihrer Produkte oder Dienstleistungen suggeriert; und (c) in den Kontext der Website der verlinkenden Partei passt.<\/span><\/p>\n<p><span style=\"font-weight: 400;\">Wenn Sie zu den in Absatz 2 oben aufgef\u00fchrten Organisationen geh\u00f6ren und daran interessiert sind, auf unsere Website zu verlinken, m\u00fcssen Sie uns per E-Mail an moewelt GbR informieren. Bitte geben Sie Ihren Namen, den Namen Ihrer Organisation, Ihre Kontaktinformationen sowie die URL Ihrer Website an. F\u00fcgen Sie au\u00dferdem eine Liste der URLs hinzu, von denen aus Sie auf unsere Website verlinken m\u00f6chten, sowie eine Liste der URLs auf unserer Website, zu denen Sie eine Verlinkung w\u00fcnschen. Bitte warten Sie 2\u20133 Wochen auf eine Antwort.<\/span><\/p>\n<p><span style=\"font-weight: 400;\">Genehmigte Organisationen d\u00fcrfen wie folgt auf unsere Website verlinken:<\/span><\/p>\n<ul>\n<li style=\"font-weight: 400;\" aria-level=\"1\"><span style=\"font-weight: 400;\">Durch die Verwendung unseres Unternehmensnamens; oder<\/span><\/li>\n<li style=\"font-weight: 400;\" aria-level=\"1\"><span style=\"font-weight: 400;\">Durch die Verwendung des verlinkten Uniform Resource Locators (URL); oder<\/span><\/li>\n<li style=\"font-weight: 400;\" aria-level=\"1\"><span style=\"font-weight: 400;\">Durch die Verwendung einer anderen Beschreibung unserer Website, die im Kontext und Format des Inhalts der verlinkenden Website sinnvoll ist.<\/span><\/li>\n<\/ul>\n<p><span style=\"font-weight: 400;\">Die Verwendung des Logos oder anderer Grafiken von moewelt GbR f\u00fcr Verlinkungen ist ohne eine Markenlizenzvereinbarung nicht gestattet.<\/span><\/p>\n<p><strong>Content Liability:<\/strong><\/p>\n<p><span style=\"font-weight: 400;\">We shall not be held responsible for any content that appears on your Website. You agree to protect and defend us against all claims that are raised on your Website. No link(s) should appear on any Website that may be interpreted as libelous, obscene, or criminal, or which infringes, otherwise violates, or advocates the infringement or other violation of, any third party rights.<\/span><\/p>\n<p><strong>Reservation of Rights:<\/strong><\/p>\n<p><span style=\"font-weight: 400;\">We reserve the right to request that you remove all links or any particular link to our Website. You approve to immediately remove all links to our Website upon request. We also reserve the right to amend these terms and conditions and its linking policy at any time. By continuously linking to our Website, you agree to be bound to and follow these linking terms and conditions.<\/span><\/p>\n<p><strong>Removal of links from our website:<\/strong><\/p>\n<p><span style=\"font-weight: 400;\">If you find any link on our Website that is offensive for any reason, you are free to contact and inform us at any moment. We will consider requests to remove links, but we are not obligated to or so or to respond to you directly.<\/span><\/p>\n<p><span style=\"font-weight: 400;\">We do not ensure that the information on this website is correct. We do not warrant its completeness or accuracy, nor do we promise to ensure that the website remains available or that the material on the website is kept up to date.<\/span><\/p>\n<p><strong>Disclaimer:<\/strong><\/p>\n<p><span style=\"font-weight: 400;\">To the maximum extent permitted by applicable law, we exclude all representations, warranties, and conditions relating to our website and the use of this website. Nothing in this disclaimer will:<\/span><\/p>\n<ul>\n<li style=\"font-weight: 400;\" aria-level=\"1\"><span style=\"font-weight: 400;\">Limit or exclude our or your liability for death or personal injury;<\/span><\/li>\n<li style=\"font-weight: 400;\" aria-level=\"1\"><span style=\"font-weight: 400;\">Limit or exclude our or your liability for fraud or fraudulent misrepresentation;<\/span><\/li>\n<li style=\"font-weight: 400;\" aria-level=\"1\"><span style=\"font-weight: 400;\">Limit any of our or your liabilities in any way that is not permitted under applicable law; or<\/span><\/li>\n<li style=\"font-weight: 400;\" aria-level=\"1\"><span style=\"font-weight: 400;\">Exclude any of our or your liabilities that may not be excluded under applicable law.<\/span><\/li>\n<\/ul>\n<p><span style=\"font-weight: 400;\">The limitations and prohibitions of liability set in this Section and elsewhere in this disclaimer: (a) are subject to the preceding paragraph; and (b) govern all liabilities arising under the disclaimer, including liabilities arising in contract, in tort, and for breach of statutory duty.<\/span><\/p>\n<p><span style=\"font-weight: 400;\">As long as the website and the information and services on the website are provided free of charge, we will not be liable for any loss or damage of any nature.<\/span><\/p>\n<p>Effective Date &#8211; 01 October 2024<\/p>\t\t\t\t\t\t\t\t<\/div>\n\t\t\t\t<\/div>\n\t\t\t\t<div class=\"elementor-element elementor-element-56b9eec elementor-widget elementor-widget-spacer\" data-id=\"56b9eec\" data-element_type=\"widget\" data-e-type=\"widget\" data-widget_type=\"spacer.default\">\n\t\t\t\t<div class=\"elementor-widget-container\">\n\t\t\t\t\t\t\t<div class=\"elementor-spacer\">\n\t\t\t<div class=\"elementor-spacer-inner\"><\/div>\n\t\t<\/div>\n\t\t\t\t\t\t<\/div>\n\t\t\t\t<\/div>\n\t\t\t\t\t<\/div>\n\t\t\t\t<\/div>\n\t\t\t\t<\/div>","protected":false},"excerpt":{"rendered":"<p>Welcome to moewelt! These terms and conditions outline the rules and regulations for the use of moewelt GbR&#8217;s Website, located at https:\/\/moewelt.com By accessing this website, we assume you accept these terms and conditions. Do not continue to use moewelt if you do not agree to take all of the terms and conditions stated on [&hellip;]<\/p>","protected":false},"author":1,"featured_media":0,"parent":0,"menu_order":0,"comment_status":"closed","ping_status":"closed","template":"elementor_header_footer","meta":{"_joinchat":[],"footnotes":""},"class_list":["post-6021","page","type-page","status-publish","hentry"],"_links":{"self":[{"href":"https:\/\/moewelt.com\/de\/wp-json\/wp\/v2\/pages\/6021","targetHints":{"allow":["GET"]}}],"collection":[{"href":"https:\/\/moewelt.com\/de\/wp-json\/wp\/v2\/pages"}],"about":[{"href":"https:\/\/moewelt.com\/de\/wp-json\/wp\/v2\/types\/page"}],"author":[{"embeddable":true,"href":"https:\/\/moewelt.com\/de\/wp-json\/wp\/v2\/users\/1"}],"replies":[{"embeddable":true,"href":"https:\/\/moewelt.com\/de\/wp-json\/wp\/v2\/comments?post=6021"}],"version-history":[{"count":37,"href":"https:\/\/moewelt.com\/de\/wp-json\/wp\/v2\/pages\/6021\/revisions"}],"predecessor-version":[{"id":7655,"href":"https:\/\/moewelt.com\/de\/wp-json\/wp\/v2\/pages\/6021\/revisions\/7655"}],"wp:attachment":[{"href":"https:\/\/moewelt.com\/de\/wp-json\/wp\/v2\/media?parent=6021"}],"curies":[{"name":"wp","href":"https:\/\/api.w.org\/{rel}","templated":true}]}}