{"id":7305,"date":"2024-11-13T10:01:20","date_gmt":"2024-11-13T10:01:20","guid":{"rendered":"https:\/\/moewelt.com\/?page_id=7305"},"modified":"2024-11-13T10:14:21","modified_gmt":"2024-11-13T10:14:21","slug":"bath-fittings","status":"publish","type":"page","link":"https:\/\/moewelt.com\/de\/products\/bath-fittings\/","title":{"rendered":"Badarmaturen"},"content":{"rendered":"<div data-elementor-type=\"wp-page\" data-elementor-id=\"7305\" class=\"elementor elementor-7305\" data-elementor-post-type=\"page\">\n\t\t\t\t\t\t<section class=\"elementor-section elementor-top-section elementor-element elementor-element-5508d694 elementor-section-height-min-height elementor-section-boxed elementor-section-height-default elementor-section-items-middle\" data-id=\"5508d694\" data-element_type=\"section\" data-e-type=\"section\" data-settings=\"{&quot;background_background&quot;:&quot;classic&quot;}\">\n\t\t\t\t\t\t\t<div class=\"elementor-background-overlay\"><\/div>\n\t\t\t\t\t\t\t<div class=\"elementor-container elementor-column-gap-default\">\n\t\t\t\t\t<div class=\"elementor-column elementor-col-100 elementor-top-column elementor-element elementor-element-12a248\" data-id=\"12a248\" data-element_type=\"column\" data-e-type=\"column\">\n\t\t\t<div class=\"elementor-widget-wrap elementor-element-populated\">\n\t\t\t\t\t\t<div class=\"elementor-element elementor-element-6c9226bc elementor-widget elementor-widget-hub_fancy_heading\" data-id=\"6c9226bc\" data-element_type=\"widget\" data-e-type=\"widget\" data-widget_type=\"hub_fancy_heading.default\">\n\t\t\t\t<div class=\"elementor-widget-container\">\n\t\t\t\t\t\n\t\t<div id=\"ld-fancy-heading-69f20ad42ff15\" class=\"ld-fancy-heading pos-rel\">\n\t\t\t<h1 class=\"ld-fh-element d-inline-block pos-rel  elementor-heading-title lqd-highlight-classic lqd-highlight-grow-left h1\"  > Badarmaturen<\/h1>\t\t<\/div>\n\n\t\t\t\t\t\t<\/div>\n\t\t\t\t<\/div>\n\t\t\t\t<div class=\"elementor-element elementor-element-5e62de2f elementor-widget elementor-widget-hub_fancy_heading\" data-id=\"5e62de2f\" data-element_type=\"widget\" data-e-type=\"widget\" data-widget_type=\"hub_fancy_heading.default\">\n\t\t\t\t<div class=\"elementor-widget-container\">\n\t\t\t\t\t\n\t\t<div id=\"ld-fancy-heading-69f20ad430743\" class=\"ld-fancy-heading pos-rel\">\n\t\t\t<p class=\"ld-fh-element d-inline-block pos-rel  lqd-highlight-classic lqd-highlight-grow-left p\"  > Entdecken Sie unser hochwertiges Sortiment an europ\u00e4ischen Badezimmereinrichtungen, die f\u00fcr Eleganz, Langlebigkeit und verbesserte Funktionalit\u00e4t in jedem Badezimmer konzipiert sind.<\/p>\t\t<\/div>\n\n\t\t\t\t\t\t<\/div>\n\t\t\t\t<\/div>\n\t\t\t\t\t<\/div>\n\t\t<\/div>\n\t\t\t\t\t<\/div>\n\t\t<\/section>\n\t\t<div class=\"elementor-element elementor-element-9c5d89b e-flex e-con-boxed e-con e-parent\" data-id=\"9c5d89b\" data-element_type=\"container\" data-e-type=\"container\">\n\t\t\t\t\t<div class=\"e-con-inner\">\n\t\t\t\t<div class=\"elementor-element elementor-element-01df8f8 elementor-widget elementor-widget-ld_portfolio\" data-id=\"01df8f8\" data-element_type=\"widget\" data-e-type=\"widget\" data-widget_type=\"ld_portfolio.default\">\n\t\t\t\t<div class=\"elementor-widget-container\">\n\t\t\t\t\t<div class=\"lqd-pf-grid lqd-pf-grid-01df8f8\"><div id=\"lqd-pf-grid-01df8f8\" class=\"lqd-pf-row row d-flex flex-wrap lqd-pf-grid-01df8f8\" data-liquid-masonry=\"true\" data-masonry-options='{ \"layoutMode\": \"packery\" }'><div class=\"lqd-pf-column col-md-6 col-sm-6 col-xs-12 masonry-item bathroom-fittings\">\n\n\t<article id=\"post-6944\" class=\"lqd-pf-item lqd-pf-item-style-1 lqd-pf-dark pf-details-h-end pos-rel overflow-hidden post-6944 liquid-portfolio type-liquid-portfolio status-publish format-standard has-post-thumbnail hentry liquid-portfolio-category-bathroom-fittings\">\n\t\t<div class=\"lqd-pf-item-inner\">\n\n\t\t\t<div class=\"lqd-pf-img\">\n\t\t\t\t<figure>\n\t\t\t\t\t<figure class=\"w-100\"><img fetchpriority=\"high\" decoding=\"async\" width=\"1200\" height=\"800\" src=\"https:\/\/moewelt.com\/wp-content\/uploads\/2024\/11\/4-3.png\" class=\"w-100 wp-post-image\" alt=\"\" srcset=\"https:\/\/moewelt.com\/wp-content\/uploads\/2024\/11\/4-3.png 1200w, https:\/\/moewelt.com\/wp-content\/uploads\/2024\/11\/4-3-300x200.png 300w, https:\/\/moewelt.com\/wp-content\/uploads\/2024\/11\/4-3-1024x683.png 1024w, https:\/\/moewelt.com\/wp-content\/uploads\/2024\/11\/4-3-720x480.png 720w, https:\/\/moewelt.com\/wp-content\/uploads\/2024\/11\/4-3-18x12.png 18w\" sizes=\"(max-width: 1200px) 100vw, 1200px\" itemprop=\"image\" \/><\/figure>\t\t\t\t<\/figure>\n\t\t\t<\/div>\n\n\t\t\t<div class=\"lqd-pf-details d-flex flex-wrap pos-rel border-radius-4\">\n\t\t\t\t<span class=\"lqd-pf-overlay-bg lqd-overlay\"><\/span>\n\t\t\t\t<div class=\"lqd-pf-info d-flex flex-wrap align-items-center justify-content-between w-100 p-4\">\n\t\t\t\t\t\t\t\t\t\t<h2 class=\"lqd-pf-title mt-0 mb-0 h5\">Sinks<\/h2>\t\t\t\t\t<ul class=\"reset-ul inline-nav lqd-pf-cat d-inline-flex pos-rel z-index-2\"><li><a href=\"https:\/\/moewelt.com\/de\/portfolio-category\/bathroom-fittings\/\">Badezimmerarmaturen<\/a><\/li><\/ul>\t\t\t\t<\/div>\n\t\t\t<\/div>\n\n\t\t\t<a href=\"https:\/\/moewelt.com\/de\/portfolio\/sinks\/\"  class=\"lqd-overlay lqd-pf-overlay-link lqd-cc-label-trigger\" ><\/a>\n\t\t<\/div>\n\t<\/article>\n\n<\/div><div class=\"lqd-pf-column col-md-6 col-sm-6 col-xs-12 masonry-item bathroom-fittings\">\n\n\t<article id=\"post-6919\" class=\"lqd-pf-item lqd-pf-item-style-1 lqd-pf-dark pf-details-h-end pos-rel overflow-hidden post-6919 liquid-portfolio type-liquid-portfolio status-publish format-standard has-post-thumbnail hentry liquid-portfolio-category-bathroom-fittings\">\n\t\t<div class=\"lqd-pf-item-inner\">\n\n\t\t\t<div class=\"lqd-pf-img\">\n\t\t\t\t<figure>\n\t\t\t\t\t<figure class=\"w-100\"><img decoding=\"async\" width=\"1200\" height=\"800\" src=\"data:image\/svg+xml;charset=utf-8,%3Csvg xmlns%3D&#039;http%3A%2F%2Fwww.w3.org%2F2000%2Fsvg&#039; viewBox%3D&#039;0 0 1200 800&#039;%2F%3E\" class=\"w-100 ld-lazyload wp-post-image\" alt=\"\" itemprop=\"image\" data-src=\"https:\/\/moewelt.com\/wp-content\/uploads\/2024\/11\/1-3.png\" data-srcset=\"https:\/\/moewelt.com\/wp-content\/uploads\/2024\/11\/1-3.png 1200w, https:\/\/moewelt.com\/wp-content\/uploads\/2024\/11\/1-3-300x200.png 300w, https:\/\/moewelt.com\/wp-content\/uploads\/2024\/11\/1-3-1024x683.png 1024w, https:\/\/moewelt.com\/wp-content\/uploads\/2024\/11\/1-3-720x480.png 720w, https:\/\/moewelt.com\/wp-content\/uploads\/2024\/11\/1-3-18x12.png 18w\" data-sizes=\"(max-width: 1200px) 100vw, 1200px\" data-aspect=\"1.5\" \/><\/figure>\t\t\t\t<\/figure>\n\t\t\t<\/div>\n\n\t\t\t<div class=\"lqd-pf-details d-flex flex-wrap pos-rel border-radius-4\">\n\t\t\t\t<span class=\"lqd-pf-overlay-bg lqd-overlay\"><\/span>\n\t\t\t\t<div class=\"lqd-pf-info d-flex flex-wrap align-items-center justify-content-between w-100 p-4\">\n\t\t\t\t\t\t\t\t\t\t<h2 class=\"lqd-pf-title mt-0 mb-0 h5\">Bathtubs<\/h2>\t\t\t\t\t<ul class=\"reset-ul inline-nav lqd-pf-cat d-inline-flex pos-rel z-index-2\"><li><a href=\"https:\/\/moewelt.com\/de\/portfolio-category\/bathroom-fittings\/\">Badezimmerarmaturen<\/a><\/li><\/ul>\t\t\t\t<\/div>\n\t\t\t<\/div>\n\n\t\t\t<a href=\"https:\/\/moewelt.com\/de\/portfolio\/bathtubs\/\"  class=\"lqd-overlay lqd-pf-overlay-link lqd-cc-label-trigger\" ><\/a>\n\t\t<\/div>\n\t<\/article>\n\n<\/div><div class=\"lqd-pf-column col-md-6 col-sm-6 col-xs-12 masonry-item bathroom-fittings\">\n\n\t<article id=\"post-6917\" class=\"lqd-pf-item lqd-pf-item-style-1 lqd-pf-dark pf-details-h-end pos-rel overflow-hidden post-6917 liquid-portfolio type-liquid-portfolio status-publish format-standard has-post-thumbnail hentry liquid-portfolio-category-bathroom-fittings\">\n\t\t<div class=\"lqd-pf-item-inner\">\n\n\t\t\t<div class=\"lqd-pf-img\">\n\t\t\t\t<figure>\n\t\t\t\t\t<figure class=\"w-100\"><img decoding=\"async\" width=\"1200\" height=\"800\" src=\"data:image\/svg+xml;charset=utf-8,%3Csvg xmlns%3D&#039;http%3A%2F%2Fwww.w3.org%2F2000%2Fsvg&#039; viewBox%3D&#039;0 0 1200 800&#039;%2F%3E\" class=\"w-100 ld-lazyload wp-post-image\" alt=\"\" itemprop=\"image\" data-src=\"https:\/\/moewelt.com\/wp-content\/uploads\/2024\/11\/1-2.png\" data-srcset=\"https:\/\/moewelt.com\/wp-content\/uploads\/2024\/11\/1-2.png 1200w, https:\/\/moewelt.com\/wp-content\/uploads\/2024\/11\/1-2-300x200.png 300w, https:\/\/moewelt.com\/wp-content\/uploads\/2024\/11\/1-2-1024x683.png 1024w, https:\/\/moewelt.com\/wp-content\/uploads\/2024\/11\/1-2-720x480.png 720w, https:\/\/moewelt.com\/wp-content\/uploads\/2024\/11\/1-2-18x12.png 18w\" data-sizes=\"(max-width: 1200px) 100vw, 1200px\" data-aspect=\"1.5\" \/><\/figure>\t\t\t\t<\/figure>\n\t\t\t<\/div>\n\n\t\t\t<div class=\"lqd-pf-details d-flex flex-wrap pos-rel border-radius-4\">\n\t\t\t\t<span class=\"lqd-pf-overlay-bg lqd-overlay\"><\/span>\n\t\t\t\t<div class=\"lqd-pf-info d-flex flex-wrap align-items-center justify-content-between w-100 p-4\">\n\t\t\t\t\t\t\t\t\t\t<h2 class=\"lqd-pf-title mt-0 mb-0 h5\">Showers<\/h2>\t\t\t\t\t<ul class=\"reset-ul inline-nav lqd-pf-cat d-inline-flex pos-rel z-index-2\"><li><a href=\"https:\/\/moewelt.com\/de\/portfolio-category\/bathroom-fittings\/\">Badezimmerarmaturen<\/a><\/li><\/ul>\t\t\t\t<\/div>\n\t\t\t<\/div>\n\n\t\t\t<a href=\"https:\/\/moewelt.com\/de\/portfolio\/showers\/\"  class=\"lqd-overlay lqd-pf-overlay-link lqd-cc-label-trigger\" ><\/a>\n\t\t<\/div>\n\t<\/article>\n\n<\/div><div class=\"lqd-pf-column col-md-6 col-sm-6 col-xs-12 masonry-item bathroom-fittings\">\n\n\t<article id=\"post-6824\" class=\"lqd-pf-item lqd-pf-item-style-1 lqd-pf-dark pf-details-h-end pos-rel overflow-hidden post-6824 liquid-portfolio type-liquid-portfolio status-publish format-standard has-post-thumbnail hentry liquid-portfolio-category-bathroom-fittings\">\n\t\t<div class=\"lqd-pf-item-inner\">\n\n\t\t\t<div class=\"lqd-pf-img\">\n\t\t\t\t<figure>\n\t\t\t\t\t<figure class=\"w-100\"><img loading=\"lazy\" decoding=\"async\" width=\"1200\" height=\"800\" src=\"data:image\/svg+xml;charset=utf-8,%3Csvg xmlns%3D&#039;http%3A%2F%2Fwww.w3.org%2F2000%2Fsvg&#039; viewBox%3D&#039;0 0 1200 800&#039;%2F%3E\" class=\"w-100 ld-lazyload wp-post-image\" alt=\"\" itemprop=\"image\" data-src=\"https:\/\/moewelt.com\/wp-content\/uploads\/2024\/10\/1-3.png\" data-srcset=\"https:\/\/moewelt.com\/wp-content\/uploads\/2024\/10\/1-3.png 1200w, https:\/\/moewelt.com\/wp-content\/uploads\/2024\/10\/1-3-300x200.png 300w, https:\/\/moewelt.com\/wp-content\/uploads\/2024\/10\/1-3-1024x683.png 1024w, https:\/\/moewelt.com\/wp-content\/uploads\/2024\/10\/1-3-720x480.png 720w, https:\/\/moewelt.com\/wp-content\/uploads\/2024\/10\/1-3-18x12.png 18w\" data-sizes=\"(max-width: 1200px) 100vw, 1200px\" data-aspect=\"1.5\" \/><\/figure>\t\t\t\t<\/figure>\n\t\t\t<\/div>\n\n\t\t\t<div class=\"lqd-pf-details d-flex flex-wrap pos-rel border-radius-4\">\n\t\t\t\t<span class=\"lqd-pf-overlay-bg lqd-overlay\"><\/span>\n\t\t\t\t<div class=\"lqd-pf-info d-flex flex-wrap align-items-center justify-content-between w-100 p-4\">\n\t\t\t\t\t\t\t\t\t\t<h2 class=\"lqd-pf-title mt-0 mb-0 h5\">Faucets<\/h2>\t\t\t\t\t<ul class=\"reset-ul inline-nav lqd-pf-cat d-inline-flex pos-rel z-index-2\"><li><a href=\"https:\/\/moewelt.com\/de\/portfolio-category\/bathroom-fittings\/\">Badezimmerarmaturen<\/a><\/li><\/ul>\t\t\t\t<\/div>\n\t\t\t<\/div>\n\n\t\t\t<a href=\"https:\/\/moewelt.com\/de\/portfolio\/faucets\/\"  class=\"lqd-overlay lqd-pf-overlay-link lqd-cc-label-trigger\" ><\/a>\n\t\t<\/div>\n\t<\/article>\n\n<\/div><\/div><\/div>\t\t\t\t<\/div>\n\t\t\t\t<\/div>\n\t\t\t\t\t<\/div>\n\t\t\t\t<\/div>\n\t\t\t\t<\/div>","protected":false},"excerpt":{"rendered":"<p>bath fittings Explore our premium range of European bath fittings, designed for elegance, durability, and enhanced functionality in every bathroom. Sinks Bathroom Fittings Bathtubs Bathroom Fittings Showers Bathroom Fittings Faucets Bathroom Fittings<\/p>","protected":false},"author":1,"featured_media":0,"parent":6814,"menu_order":0,"comment_status":"closed","ping_status":"closed","template":"","meta":{"_joinchat":[],"footnotes":""},"class_list":["post-7305","page","type-page","status-publish","hentry"],"_links":{"self":[{"href":"https:\/\/moewelt.com\/de\/wp-json\/wp\/v2\/pages\/7305","targetHints":{"allow":["GET"]}}],"collection":[{"href":"https:\/\/moewelt.com\/de\/wp-json\/wp\/v2\/pages"}],"about":[{"href":"https:\/\/moewelt.com\/de\/wp-json\/wp\/v2\/types\/page"}],"author":[{"embeddable":true,"href":"https:\/\/moewelt.com\/de\/wp-json\/wp\/v2\/users\/1"}],"replies":[{"embeddable":true,"href":"https:\/\/moewelt.com\/de\/wp-json\/wp\/v2\/comments?post=7305"}],"version-history":[{"count":10,"href":"https:\/\/moewelt.com\/de\/wp-json\/wp\/v2\/pages\/7305\/revisions"}],"predecessor-version":[{"id":7320,"href":"https:\/\/moewelt.com\/de\/wp-json\/wp\/v2\/pages\/7305\/revisions\/7320"}],"up":[{"embeddable":true,"href":"https:\/\/moewelt.com\/de\/wp-json\/wp\/v2\/pages\/6814"}],"wp:attachment":[{"href":"https:\/\/moewelt.com\/de\/wp-json\/wp\/v2\/media?parent=7305"}],"curies":[{"name":"wp","href":"https:\/\/api.w.org\/{rel}","templated":true}]}}