{"id":7321,"date":"2024-11-13T10:17:40","date_gmt":"2024-11-13T10:17:40","guid":{"rendered":"https:\/\/moewelt.com\/?page_id=7321"},"modified":"2024-11-13T11:02:58","modified_gmt":"2024-11-13T11:02:58","slug":"kitchen-fittings","status":"publish","type":"page","link":"https:\/\/moewelt.com\/de\/products\/kitchen-fittings\/","title":{"rendered":"K\u00fcchenarmaturen"},"content":{"rendered":"<div data-elementor-type=\"wp-page\" data-elementor-id=\"7321\" class=\"elementor elementor-7321\" data-elementor-post-type=\"page\">\n\t\t\t\t\t\t<section class=\"elementor-section elementor-top-section elementor-element elementor-element-d7791f6 elementor-section-height-min-height elementor-section-boxed elementor-section-height-default elementor-section-items-middle\" data-id=\"d7791f6\" data-element_type=\"section\" data-e-type=\"section\" data-settings=\"{&quot;background_background&quot;:&quot;classic&quot;}\">\n\t\t\t\t\t\t\t<div class=\"elementor-background-overlay\"><\/div>\n\t\t\t\t\t\t\t<div class=\"elementor-container elementor-column-gap-default\">\n\t\t\t\t\t<div class=\"elementor-column elementor-col-100 elementor-top-column elementor-element elementor-element-c22a0c9\" data-id=\"c22a0c9\" data-element_type=\"column\" data-e-type=\"column\">\n\t\t\t<div class=\"elementor-widget-wrap elementor-element-populated\">\n\t\t\t\t\t\t<div class=\"elementor-element elementor-element-eb9ed1f elementor-widget elementor-widget-hub_fancy_heading\" data-id=\"eb9ed1f\" data-element_type=\"widget\" data-e-type=\"widget\" data-widget_type=\"hub_fancy_heading.default\">\n\t\t\t\t<div class=\"elementor-widget-container\">\n\t\t\t\t\t\n\t\t<div id=\"ld-fancy-heading-69f20c4df182f\" class=\"ld-fancy-heading pos-rel\">\n\t\t\t<h1 class=\"ld-fh-element d-inline-block pos-rel  elementor-heading-title lqd-highlight-classic lqd-highlight-grow-left h1\"  > K\u00fcchenarmaturen<\/h1>\t\t<\/div>\n\n\t\t\t\t\t\t<\/div>\n\t\t\t\t<\/div>\n\t\t\t\t<div class=\"elementor-element elementor-element-0bb9be4 elementor-widget elementor-widget-hub_fancy_heading\" data-id=\"0bb9be4\" data-element_type=\"widget\" data-e-type=\"widget\" data-widget_type=\"hub_fancy_heading.default\">\n\t\t\t\t<div class=\"elementor-widget-container\">\n\t\t\t\t\t\n\t\t<div id=\"ld-fancy-heading-69f20c4df22a1\" class=\"ld-fancy-heading pos-rel\">\n\t\t\t<p class=\"ld-fh-element d-inline-block pos-rel  lqd-highlight-classic lqd-highlight-grow-left p\"  > Entdecken Sie unsere hochwertigen europ\u00e4ischen K\u00fcchenarmaturen, die Stil, Langlebigkeit und Funktionalit\u00e4t f\u00fcr Ihre modernen K\u00fcchenanforderungen vereinen.<\/p>\t\t<\/div>\n\n\t\t\t\t\t\t<\/div>\n\t\t\t\t<\/div>\n\t\t\t\t\t<\/div>\n\t\t<\/div>\n\t\t\t\t\t<\/div>\n\t\t<\/section>\n\t\t<div class=\"elementor-element elementor-element-f0962f3 e-flex e-con-boxed e-con e-parent\" data-id=\"f0962f3\" data-element_type=\"container\" data-e-type=\"container\">\n\t\t\t\t\t<div class=\"e-con-inner\">\n\t\t\t\t<div class=\"elementor-element elementor-element-6f519ff elementor-widget elementor-widget-ld_portfolio\" data-id=\"6f519ff\" data-element_type=\"widget\" data-e-type=\"widget\" data-widget_type=\"ld_portfolio.default\">\n\t\t\t\t<div class=\"elementor-widget-container\">\n\t\t\t\t\t<div class=\"lqd-pf-grid lqd-pf-grid-6f519ff\"><div id=\"lqd-pf-grid-6f519ff\" class=\"lqd-pf-row row d-flex flex-wrap lqd-pf-grid-6f519ff\" data-liquid-masonry=\"true\" data-masonry-options='{ \"layoutMode\": \"packery\" }'><div class=\"lqd-pf-column col-md-6 col-sm-6 col-xs-12 masonry-item kitchen-fittings\">\n\n\t<article id=\"post-6996\" class=\"lqd-pf-item lqd-pf-item-style-1 lqd-pf-dark pf-details-h-end pos-rel overflow-hidden post-6996 liquid-portfolio type-liquid-portfolio status-publish format-standard has-post-thumbnail hentry liquid-portfolio-category-kitchen-fittings\">\n\t\t<div class=\"lqd-pf-item-inner\">\n\n\t\t\t<div class=\"lqd-pf-img\">\n\t\t\t\t<figure>\n\t\t\t\t\t<figure class=\"w-100\"><img fetchpriority=\"high\" decoding=\"async\" width=\"1200\" height=\"800\" src=\"https:\/\/moewelt.com\/wp-content\/uploads\/2024\/11\/1-5.png\" class=\"w-100 wp-post-image\" alt=\"\" srcset=\"https:\/\/moewelt.com\/wp-content\/uploads\/2024\/11\/1-5.png 1200w, https:\/\/moewelt.com\/wp-content\/uploads\/2024\/11\/1-5-300x200.png 300w, https:\/\/moewelt.com\/wp-content\/uploads\/2024\/11\/1-5-1024x683.png 1024w, https:\/\/moewelt.com\/wp-content\/uploads\/2024\/11\/1-5-720x480.png 720w, https:\/\/moewelt.com\/wp-content\/uploads\/2024\/11\/1-5-18x12.png 18w\" sizes=\"(max-width: 1200px) 100vw, 1200px\" itemprop=\"image\" \/><\/figure>\t\t\t\t<\/figure>\n\t\t\t<\/div>\n\n\t\t\t<div class=\"lqd-pf-details d-flex flex-wrap pos-rel border-radius-4\">\n\t\t\t\t<span class=\"lqd-pf-overlay-bg lqd-overlay\"><\/span>\n\t\t\t\t<div class=\"lqd-pf-info d-flex flex-wrap align-items-center justify-content-between w-100 p-4\">\n\t\t\t\t\t\t\t\t\t\t<h2 class=\"lqd-pf-title mt-0 mb-0 h5\">Kitchen Sinks<\/h2>\t\t\t\t\t<ul class=\"reset-ul inline-nav lqd-pf-cat d-inline-flex pos-rel z-index-2\"><li><a href=\"https:\/\/moewelt.com\/de\/portfolio-category\/kitchen-fittings\/\">K\u00fcchenarmaturen<\/a><\/li><\/ul>\t\t\t\t<\/div>\n\t\t\t<\/div>\n\n\t\t\t<a href=\"https:\/\/moewelt.com\/de\/portfolio\/kitchen-sinks\/\"  class=\"lqd-overlay lqd-pf-overlay-link lqd-cc-label-trigger\" ><\/a>\n\t\t<\/div>\n\t<\/article>\n\n<\/div><div class=\"lqd-pf-column col-md-6 col-sm-6 col-xs-12 masonry-item kitchen-fittings\">\n\n\t<article id=\"post-7003\" class=\"lqd-pf-item lqd-pf-item-style-1 lqd-pf-dark pf-details-h-end pos-rel overflow-hidden post-7003 liquid-portfolio type-liquid-portfolio status-publish format-standard has-post-thumbnail hentry liquid-portfolio-category-kitchen-fittings\">\n\t\t<div class=\"lqd-pf-item-inner\">\n\n\t\t\t<div class=\"lqd-pf-img\">\n\t\t\t\t<figure>\n\t\t\t\t\t<figure class=\"w-100\"><img decoding=\"async\" width=\"1200\" height=\"800\" src=\"data:image\/svg+xml;charset=utf-8,%3Csvg xmlns%3D&#039;http%3A%2F%2Fwww.w3.org%2F2000%2Fsvg&#039; viewBox%3D&#039;0 0 1200 800&#039;%2F%3E\" class=\"w-100 ld-lazyload wp-post-image\" alt=\"\" itemprop=\"image\" data-src=\"https:\/\/moewelt.com\/wp-content\/uploads\/2024\/11\/5-3.png\" data-srcset=\"https:\/\/moewelt.com\/wp-content\/uploads\/2024\/11\/5-3.png 1200w, https:\/\/moewelt.com\/wp-content\/uploads\/2024\/11\/5-3-300x200.png 300w, https:\/\/moewelt.com\/wp-content\/uploads\/2024\/11\/5-3-1024x683.png 1024w, https:\/\/moewelt.com\/wp-content\/uploads\/2024\/11\/5-3-18x12.png 18w\" data-sizes=\"(max-width: 1200px) 100vw, 1200px\" data-aspect=\"1.5\" \/><\/figure>\t\t\t\t<\/figure>\n\t\t\t<\/div>\n\n\t\t\t<div class=\"lqd-pf-details d-flex flex-wrap pos-rel border-radius-4\">\n\t\t\t\t<span class=\"lqd-pf-overlay-bg lqd-overlay\"><\/span>\n\t\t\t\t<div class=\"lqd-pf-info d-flex flex-wrap align-items-center justify-content-between w-100 p-4\">\n\t\t\t\t\t\t\t\t\t\t<h2 class=\"lqd-pf-title mt-0 mb-0 h5\">Kitchen Faucets<\/h2>\t\t\t\t\t<ul class=\"reset-ul inline-nav lqd-pf-cat d-inline-flex pos-rel z-index-2\"><li><a href=\"https:\/\/moewelt.com\/de\/portfolio-category\/kitchen-fittings\/\">K\u00fcchenarmaturen<\/a><\/li><\/ul>\t\t\t\t<\/div>\n\t\t\t<\/div>\n\n\t\t\t<a href=\"https:\/\/moewelt.com\/de\/portfolio\/kitchen-faucets\/\"  class=\"lqd-overlay lqd-pf-overlay-link lqd-cc-label-trigger\" ><\/a>\n\t\t<\/div>\n\t<\/article>\n\n<\/div><div class=\"lqd-pf-column col-md-6 col-sm-6 col-xs-12 masonry-item kitchen-fittings\">\n\n\t<article id=\"post-7006\" class=\"lqd-pf-item lqd-pf-item-style-1 lqd-pf-dark pf-details-h-end pos-rel overflow-hidden post-7006 liquid-portfolio type-liquid-portfolio status-publish format-standard has-post-thumbnail hentry liquid-portfolio-category-kitchen-fittings\">\n\t\t<div class=\"lqd-pf-item-inner\">\n\n\t\t\t<div class=\"lqd-pf-img\">\n\t\t\t\t<figure>\n\t\t\t\t\t<figure class=\"w-100\"><img decoding=\"async\" width=\"1200\" height=\"800\" src=\"data:image\/svg+xml;charset=utf-8,%3Csvg xmlns%3D&#039;http%3A%2F%2Fwww.w3.org%2F2000%2Fsvg&#039; viewBox%3D&#039;0 0 1200 800&#039;%2F%3E\" class=\"w-100 ld-lazyload wp-post-image\" alt=\"\" itemprop=\"image\" data-src=\"https:\/\/moewelt.com\/wp-content\/uploads\/2024\/11\/4-4.png\" data-srcset=\"https:\/\/moewelt.com\/wp-content\/uploads\/2024\/11\/4-4.png 1200w, https:\/\/moewelt.com\/wp-content\/uploads\/2024\/11\/4-4-300x200.png 300w, https:\/\/moewelt.com\/wp-content\/uploads\/2024\/11\/4-4-1024x683.png 1024w, https:\/\/moewelt.com\/wp-content\/uploads\/2024\/11\/4-4-720x480.png 720w, https:\/\/moewelt.com\/wp-content\/uploads\/2024\/11\/4-4-18x12.png 18w\" data-sizes=\"(max-width: 1200px) 100vw, 1200px\" data-aspect=\"1.5\" \/><\/figure>\t\t\t\t<\/figure>\n\t\t\t<\/div>\n\n\t\t\t<div class=\"lqd-pf-details d-flex flex-wrap pos-rel border-radius-4\">\n\t\t\t\t<span class=\"lqd-pf-overlay-bg lqd-overlay\"><\/span>\n\t\t\t\t<div class=\"lqd-pf-info d-flex flex-wrap align-items-center justify-content-between w-100 p-4\">\n\t\t\t\t\t\t\t\t\t\t<h2 class=\"lqd-pf-title mt-0 mb-0 h5\">Kitchen Storage Solutions<\/h2>\t\t\t\t\t<ul class=\"reset-ul inline-nav lqd-pf-cat d-inline-flex pos-rel z-index-2\"><li><a href=\"https:\/\/moewelt.com\/de\/portfolio-category\/kitchen-fittings\/\">K\u00fcchenarmaturen<\/a><\/li><\/ul>\t\t\t\t<\/div>\n\t\t\t<\/div>\n\n\t\t\t<a href=\"https:\/\/moewelt.com\/de\/portfolio\/kitchen-storage-solutions\/\"  class=\"lqd-overlay lqd-pf-overlay-link lqd-cc-label-trigger\" ><\/a>\n\t\t<\/div>\n\t<\/article>\n\n<\/div><div class=\"lqd-pf-column col-md-6 col-sm-6 col-xs-12 masonry-item kitchen-fittings\">\n\n\t<article id=\"post-7008\" class=\"lqd-pf-item lqd-pf-item-style-1 lqd-pf-dark pf-details-h-end pos-rel overflow-hidden post-7008 liquid-portfolio type-liquid-portfolio status-publish format-standard has-post-thumbnail hentry liquid-portfolio-category-kitchen-fittings\">\n\t\t<div class=\"lqd-pf-item-inner\">\n\n\t\t\t<div class=\"lqd-pf-img\">\n\t\t\t\t<figure>\n\t\t\t\t\t<figure class=\"w-100\"><img loading=\"lazy\" decoding=\"async\" width=\"1200\" height=\"800\" src=\"data:image\/svg+xml;charset=utf-8,%3Csvg xmlns%3D&#039;http%3A%2F%2Fwww.w3.org%2F2000%2Fsvg&#039; viewBox%3D&#039;0 0 1200 800&#039;%2F%3E\" class=\"w-100 ld-lazyload wp-post-image\" alt=\"\" itemprop=\"image\" data-src=\"https:\/\/moewelt.com\/wp-content\/uploads\/2024\/11\/2-5.png\" data-srcset=\"https:\/\/moewelt.com\/wp-content\/uploads\/2024\/11\/2-5.png 1200w, https:\/\/moewelt.com\/wp-content\/uploads\/2024\/11\/2-5-300x200.png 300w, https:\/\/moewelt.com\/wp-content\/uploads\/2024\/11\/2-5-1024x683.png 1024w, https:\/\/moewelt.com\/wp-content\/uploads\/2024\/11\/2-5-720x480.png 720w, https:\/\/moewelt.com\/wp-content\/uploads\/2024\/11\/2-5-18x12.png 18w\" data-sizes=\"(max-width: 1200px) 100vw, 1200px\" data-aspect=\"1.5\" \/><\/figure>\t\t\t\t<\/figure>\n\t\t\t<\/div>\n\n\t\t\t<div class=\"lqd-pf-details d-flex flex-wrap pos-rel border-radius-4\">\n\t\t\t\t<span class=\"lqd-pf-overlay-bg lqd-overlay\"><\/span>\n\t\t\t\t<div class=\"lqd-pf-info d-flex flex-wrap align-items-center justify-content-between w-100 p-4\">\n\t\t\t\t\t\t\t\t\t\t<h2 class=\"lqd-pf-title mt-0 mb-0 h5\">Countertops<\/h2>\t\t\t\t\t<ul class=\"reset-ul inline-nav lqd-pf-cat d-inline-flex pos-rel z-index-2\"><li><a href=\"https:\/\/moewelt.com\/de\/portfolio-category\/kitchen-fittings\/\">K\u00fcchenarmaturen<\/a><\/li><\/ul>\t\t\t\t<\/div>\n\t\t\t<\/div>\n\n\t\t\t<a href=\"https:\/\/moewelt.com\/de\/portfolio\/countertops\/\"  class=\"lqd-overlay lqd-pf-overlay-link lqd-cc-label-trigger\" ><\/a>\n\t\t<\/div>\n\t<\/article>\n\n<\/div><div class=\"lqd-pf-column col-md-6 col-sm-6 col-xs-12 masonry-item kitchen-fittings\">\n\n\t<article id=\"post-7010\" class=\"lqd-pf-item lqd-pf-item-style-1 lqd-pf-dark pf-details-h-end pos-rel overflow-hidden post-7010 liquid-portfolio type-liquid-portfolio status-publish format-standard has-post-thumbnail hentry liquid-portfolio-category-kitchen-fittings\">\n\t\t<div class=\"lqd-pf-item-inner\">\n\n\t\t\t<div class=\"lqd-pf-img\">\n\t\t\t\t<figure>\n\t\t\t\t\t<figure class=\"w-100\"><img loading=\"lazy\" decoding=\"async\" width=\"1200\" height=\"800\" src=\"data:image\/svg+xml;charset=utf-8,%3Csvg xmlns%3D&#039;http%3A%2F%2Fwww.w3.org%2F2000%2Fsvg&#039; viewBox%3D&#039;0 0 1200 800&#039;%2F%3E\" class=\"w-100 ld-lazyload wp-post-image\" alt=\"\" itemprop=\"image\" data-src=\"https:\/\/moewelt.com\/wp-content\/uploads\/2024\/11\/3-5.png\" data-srcset=\"https:\/\/moewelt.com\/wp-content\/uploads\/2024\/11\/3-5.png 1200w, https:\/\/moewelt.com\/wp-content\/uploads\/2024\/11\/3-5-300x200.png 300w, https:\/\/moewelt.com\/wp-content\/uploads\/2024\/11\/3-5-1024x683.png 1024w, https:\/\/moewelt.com\/wp-content\/uploads\/2024\/11\/3-5-720x480.png 720w, https:\/\/moewelt.com\/wp-content\/uploads\/2024\/11\/3-5-18x12.png 18w\" data-sizes=\"(max-width: 1200px) 100vw, 1200px\" data-aspect=\"1.5\" \/><\/figure>\t\t\t\t<\/figure>\n\t\t\t<\/div>\n\n\t\t\t<div class=\"lqd-pf-details d-flex flex-wrap pos-rel border-radius-4\">\n\t\t\t\t<span class=\"lqd-pf-overlay-bg lqd-overlay\"><\/span>\n\t\t\t\t<div class=\"lqd-pf-info d-flex flex-wrap align-items-center justify-content-between w-100 p-4\">\n\t\t\t\t\t\t\t\t\t\t<h2 class=\"lqd-pf-title mt-0 mb-0 h5\">Modular Kitchen Accessories<\/h2>\t\t\t\t\t<ul class=\"reset-ul inline-nav lqd-pf-cat d-inline-flex pos-rel z-index-2\"><li><a href=\"https:\/\/moewelt.com\/de\/portfolio-category\/kitchen-fittings\/\">K\u00fcchenarmaturen<\/a><\/li><\/ul>\t\t\t\t<\/div>\n\t\t\t<\/div>\n\n\t\t\t<a href=\"https:\/\/moewelt.com\/de\/portfolio\/modular-kitchen-accessories\/\"  class=\"lqd-overlay lqd-pf-overlay-link lqd-cc-label-trigger\" ><\/a>\n\t\t<\/div>\n\t<\/article>\n\n<\/div><\/div><\/div>\t\t\t\t<\/div>\n\t\t\t\t<\/div>\n\t\t\t\t\t<\/div>\n\t\t\t\t<\/div>\n\t\t\t\t<\/div>","protected":false},"excerpt":{"rendered":"<p>kitchen fittings Discover our high-quality European kitchen fittings, crafted to combine style, durability, and functionality for your modern kitchen needs. Kitchen Sinks Kitchen Fittings Kitchen Faucets Kitchen Fittings Kitchen Storage Solutions Kitchen Fittings Countertops Kitchen Fittings Modular Kitchen Accessories Kitchen Fittings<\/p>","protected":false},"author":1,"featured_media":0,"parent":6814,"menu_order":0,"comment_status":"closed","ping_status":"closed","template":"elementor_header_footer","meta":{"_joinchat":[],"footnotes":""},"class_list":["post-7321","page","type-page","status-publish","hentry"],"_links":{"self":[{"href":"https:\/\/moewelt.com\/de\/wp-json\/wp\/v2\/pages\/7321","targetHints":{"allow":["GET"]}}],"collection":[{"href":"https:\/\/moewelt.com\/de\/wp-json\/wp\/v2\/pages"}],"about":[{"href":"https:\/\/moewelt.com\/de\/wp-json\/wp\/v2\/types\/page"}],"author":[{"embeddable":true,"href":"https:\/\/moewelt.com\/de\/wp-json\/wp\/v2\/users\/1"}],"replies":[{"embeddable":true,"href":"https:\/\/moewelt.com\/de\/wp-json\/wp\/v2\/comments?post=7321"}],"version-history":[{"count":25,"href":"https:\/\/moewelt.com\/de\/wp-json\/wp\/v2\/pages\/7321\/revisions"}],"predecessor-version":[{"id":7395,"href":"https:\/\/moewelt.com\/de\/wp-json\/wp\/v2\/pages\/7321\/revisions\/7395"}],"up":[{"embeddable":true,"href":"https:\/\/moewelt.com\/de\/wp-json\/wp\/v2\/pages\/6814"}],"wp:attachment":[{"href":"https:\/\/moewelt.com\/de\/wp-json\/wp\/v2\/media?parent=7321"}],"curies":[{"name":"wp","href":"https:\/\/api.w.org\/{rel}","templated":true}]}}