{"id":7350,"date":"2024-11-13T10:26:56","date_gmt":"2024-11-13T10:26:56","guid":{"rendered":"https:\/\/moewelt.com\/?page_id=7350"},"modified":"2024-11-13T10:32:18","modified_gmt":"2024-11-13T10:32:18","slug":"power-tools-diy","status":"publish","type":"page","link":"https:\/\/moewelt.com\/de\/products\/power-tools-diy\/","title":{"rendered":"Elektrowerkzeuge &amp; Heimwerken"},"content":{"rendered":"<div data-elementor-type=\"wp-page\" data-elementor-id=\"7350\" class=\"elementor elementor-7350\" data-elementor-post-type=\"page\">\n\t\t\t\t\t\t<section class=\"elementor-section elementor-top-section elementor-element elementor-element-5ac0559 elementor-section-height-min-height elementor-section-boxed elementor-section-height-default elementor-section-items-middle\" data-id=\"5ac0559\" data-element_type=\"section\" data-e-type=\"section\" data-settings=\"{&quot;background_background&quot;:&quot;classic&quot;}\">\n\t\t\t\t\t\t\t<div class=\"elementor-background-overlay\"><\/div>\n\t\t\t\t\t\t\t<div class=\"elementor-container elementor-column-gap-default\">\n\t\t\t\t\t<div class=\"elementor-column elementor-col-100 elementor-top-column elementor-element elementor-element-304394d\" data-id=\"304394d\" data-element_type=\"column\" data-e-type=\"column\">\n\t\t\t<div class=\"elementor-widget-wrap elementor-element-populated\">\n\t\t\t\t\t\t<div class=\"elementor-element elementor-element-93e24df elementor-widget__width-initial elementor-widget elementor-widget-hub_fancy_heading\" data-id=\"93e24df\" data-element_type=\"widget\" data-e-type=\"widget\" data-widget_type=\"hub_fancy_heading.default\">\n\t\t\t\t<div class=\"elementor-widget-container\">\n\t\t\t\t\t\n\t\t<div id=\"ld-fancy-heading-69f20c47664d2\" class=\"ld-fancy-heading pos-rel\">\n\t\t\t<h1 class=\"ld-fh-element d-inline-block pos-rel  elementor-heading-title lqd-highlight-classic lqd-highlight-grow-left h1\"  > Elektrowerkzeuge &amp; Heimwerken<\/h1>\t\t<\/div>\n\n\t\t\t\t\t\t<\/div>\n\t\t\t\t<\/div>\n\t\t\t\t<div class=\"elementor-element elementor-element-e2519c8 elementor-widget elementor-widget-hub_fancy_heading\" data-id=\"e2519c8\" data-element_type=\"widget\" data-e-type=\"widget\" data-widget_type=\"hub_fancy_heading.default\">\n\t\t\t\t<div class=\"elementor-widget-container\">\n\t\t\t\t\t\n\t\t<div id=\"ld-fancy-heading-69f20c4767145\" class=\"ld-fancy-heading pos-rel\">\n\t\t\t<p class=\"ld-fh-element d-inline-block pos-rel  lqd-highlight-classic lqd-highlight-grow-left p\"  > Entdecken Sie unsere robuste Kollektion europ\u00e4ischer Elektrowerkzeuge und DIY-Essentials, die f\u00fcr Pr\u00e4zision, Langlebigkeit und Effizienz bei all Ihren Heimwerkerprojekten entwickelt wurden.<\/p>\t\t<\/div>\n\n\t\t\t\t\t\t<\/div>\n\t\t\t\t<\/div>\n\t\t\t\t\t<\/div>\n\t\t<\/div>\n\t\t\t\t\t<\/div>\n\t\t<\/section>\n\t\t<div class=\"elementor-element elementor-element-1f54ec5 e-flex e-con-boxed e-con e-parent\" data-id=\"1f54ec5\" data-element_type=\"container\" data-e-type=\"container\">\n\t\t\t\t\t<div class=\"e-con-inner\">\n\t\t\t\t<div class=\"elementor-element elementor-element-46cdb86 elementor-widget elementor-widget-ld_portfolio\" data-id=\"46cdb86\" data-element_type=\"widget\" data-e-type=\"widget\" data-widget_type=\"ld_portfolio.default\">\n\t\t\t\t<div class=\"elementor-widget-container\">\n\t\t\t\t\t<div class=\"lqd-pf-grid lqd-pf-grid-46cdb86\"><div id=\"lqd-pf-grid-46cdb86\" class=\"lqd-pf-row row d-flex flex-wrap lqd-pf-grid-46cdb86\" data-liquid-masonry=\"true\" data-masonry-options='{ \"layoutMode\": \"packery\" }'><div class=\"lqd-pf-column col-md-6 col-sm-6 col-xs-12 masonry-item power-tools-diy\">\n\n\t<article id=\"post-7901\" class=\"lqd-pf-item lqd-pf-item-style-1 lqd-pf-dark pf-details-h-end pos-rel overflow-hidden post-7901 liquid-portfolio type-liquid-portfolio status-publish format-standard has-post-thumbnail hentry liquid-portfolio-category-power-tools-diy\">\n\t\t<div class=\"lqd-pf-item-inner\">\n\n\t\t\t<div class=\"lqd-pf-img\">\n\t\t\t\t<figure>\n\t\t\t\t\t<figure class=\"w-100\"><img fetchpriority=\"high\" decoding=\"async\" width=\"1200\" height=\"800\" src=\"https:\/\/moewelt.com\/wp-content\/uploads\/2024\/11\/3-18.png\" class=\"w-100 wp-post-image\" alt=\"\" srcset=\"https:\/\/moewelt.com\/wp-content\/uploads\/2024\/11\/3-18.png 1200w, https:\/\/moewelt.com\/wp-content\/uploads\/2024\/11\/3-18-300x200.png 300w, https:\/\/moewelt.com\/wp-content\/uploads\/2024\/11\/3-18-1024x683.png 1024w, https:\/\/moewelt.com\/wp-content\/uploads\/2024\/11\/3-18-18x12.png 18w\" sizes=\"(max-width: 1200px) 100vw, 1200px\" itemprop=\"image\" \/><\/figure>\t\t\t\t<\/figure>\n\t\t\t<\/div>\n\n\t\t\t<div class=\"lqd-pf-details d-flex flex-wrap pos-rel border-radius-4\">\n\t\t\t\t<span class=\"lqd-pf-overlay-bg lqd-overlay\"><\/span>\n\t\t\t\t<div class=\"lqd-pf-info d-flex flex-wrap align-items-center justify-content-between w-100 p-4\">\n\t\t\t\t\t\t\t\t\t\t<h2 class=\"lqd-pf-title mt-0 mb-0 h5\">DIY Tools<\/h2>\t\t\t\t\t<ul class=\"reset-ul inline-nav lqd-pf-cat d-inline-flex pos-rel z-index-2\"><li><a href=\"https:\/\/moewelt.com\/de\/portfolio-category\/power-tools-diy\/\">Elektrowerkzeuge &amp; Heimwerken<\/a><\/li><\/ul>\t\t\t\t<\/div>\n\t\t\t<\/div>\n\n\t\t\t<a href=\"https:\/\/moewelt.com\/de\/portfolio\/diy-tools\/\"  class=\"lqd-overlay lqd-pf-overlay-link lqd-cc-label-trigger\" ><\/a>\n\t\t<\/div>\n\t<\/article>\n\n<\/div><div class=\"lqd-pf-column col-md-6 col-sm-6 col-xs-12 masonry-item power-tools-diy\">\n\n\t<article id=\"post-7058\" class=\"lqd-pf-item lqd-pf-item-style-1 lqd-pf-dark pf-details-h-end pos-rel overflow-hidden post-7058 liquid-portfolio type-liquid-portfolio status-publish format-standard has-post-thumbnail hentry liquid-portfolio-category-power-tools-diy\">\n\t\t<div class=\"lqd-pf-item-inner\">\n\n\t\t\t<div class=\"lqd-pf-img\">\n\t\t\t\t<figure>\n\t\t\t\t\t<figure class=\"w-100\"><img decoding=\"async\" width=\"1200\" height=\"800\" src=\"data:image\/svg+xml;charset=utf-8,%3Csvg xmlns%3D&#039;http%3A%2F%2Fwww.w3.org%2F2000%2Fsvg&#039; viewBox%3D&#039;0 0 1200 800&#039;%2F%3E\" class=\"w-100 ld-lazyload wp-post-image\" alt=\"\" itemprop=\"image\" data-src=\"https:\/\/moewelt.com\/wp-content\/uploads\/2024\/11\/1-19.png\" data-srcset=\"https:\/\/moewelt.com\/wp-content\/uploads\/2024\/11\/1-19.png 1200w, https:\/\/moewelt.com\/wp-content\/uploads\/2024\/11\/1-19-300x200.png 300w, https:\/\/moewelt.com\/wp-content\/uploads\/2024\/11\/1-19-1024x683.png 1024w, https:\/\/moewelt.com\/wp-content\/uploads\/2024\/11\/1-19-18x12.png 18w, https:\/\/moewelt.com\/wp-content\/uploads\/2024\/11\/1-19-720x480.png 720w\" data-sizes=\"(max-width: 1200px) 100vw, 1200px\" data-aspect=\"1.5\" \/><\/figure>\t\t\t\t<\/figure>\n\t\t\t<\/div>\n\n\t\t\t<div class=\"lqd-pf-details d-flex flex-wrap pos-rel border-radius-4\">\n\t\t\t\t<span class=\"lqd-pf-overlay-bg lqd-overlay\"><\/span>\n\t\t\t\t<div class=\"lqd-pf-info d-flex flex-wrap align-items-center justify-content-between w-100 p-4\">\n\t\t\t\t\t\t\t\t\t\t<h2 class=\"lqd-pf-title mt-0 mb-0 h5\">Power Tools<\/h2>\t\t\t\t\t<ul class=\"reset-ul inline-nav lqd-pf-cat d-inline-flex pos-rel z-index-2\"><li><a href=\"https:\/\/moewelt.com\/de\/portfolio-category\/power-tools-diy\/\">Elektrowerkzeuge &amp; Heimwerken<\/a><\/li><\/ul>\t\t\t\t<\/div>\n\t\t\t<\/div>\n\n\t\t\t<a href=\"https:\/\/moewelt.com\/de\/portfolio\/power-tools\/\"  class=\"lqd-overlay lqd-pf-overlay-link lqd-cc-label-trigger\" ><\/a>\n\t\t<\/div>\n\t<\/article>\n\n<\/div><div class=\"lqd-pf-column col-md-6 col-sm-6 col-xs-12 masonry-item power-tools-diy\">\n\n\t<article id=\"post-7056\" class=\"lqd-pf-item lqd-pf-item-style-1 lqd-pf-dark pf-details-h-end pos-rel overflow-hidden post-7056 liquid-portfolio type-liquid-portfolio status-publish format-standard has-post-thumbnail hentry liquid-portfolio-category-power-tools-diy\">\n\t\t<div class=\"lqd-pf-item-inner\">\n\n\t\t\t<div class=\"lqd-pf-img\">\n\t\t\t\t<figure>\n\t\t\t\t\t<figure class=\"w-100\"><img decoding=\"async\" width=\"1200\" height=\"800\" src=\"data:image\/svg+xml;charset=utf-8,%3Csvg xmlns%3D&#039;http%3A%2F%2Fwww.w3.org%2F2000%2Fsvg&#039; viewBox%3D&#039;0 0 1200 800&#039;%2F%3E\" class=\"w-100 ld-lazyload wp-post-image\" alt=\"\" itemprop=\"image\" data-src=\"https:\/\/moewelt.com\/wp-content\/uploads\/2024\/11\/2-19.png\" data-srcset=\"https:\/\/moewelt.com\/wp-content\/uploads\/2024\/11\/2-19.png 1200w, https:\/\/moewelt.com\/wp-content\/uploads\/2024\/11\/2-19-300x200.png 300w, https:\/\/moewelt.com\/wp-content\/uploads\/2024\/11\/2-19-1024x683.png 1024w, https:\/\/moewelt.com\/wp-content\/uploads\/2024\/11\/2-19-18x12.png 18w, https:\/\/moewelt.com\/wp-content\/uploads\/2024\/11\/2-19-720x480.png 720w\" data-sizes=\"(max-width: 1200px) 100vw, 1200px\" data-aspect=\"1.5\" \/><\/figure>\t\t\t\t<\/figure>\n\t\t\t<\/div>\n\n\t\t\t<div class=\"lqd-pf-details d-flex flex-wrap pos-rel border-radius-4\">\n\t\t\t\t<span class=\"lqd-pf-overlay-bg lqd-overlay\"><\/span>\n\t\t\t\t<div class=\"lqd-pf-info d-flex flex-wrap align-items-center justify-content-between w-100 p-4\">\n\t\t\t\t\t\t\t\t\t\t<h2 class=\"lqd-pf-title mt-0 mb-0 h5\">Garden Tools<\/h2>\t\t\t\t\t<ul class=\"reset-ul inline-nav lqd-pf-cat d-inline-flex pos-rel z-index-2\"><li><a href=\"https:\/\/moewelt.com\/de\/portfolio-category\/power-tools-diy\/\">Elektrowerkzeuge &amp; Heimwerken<\/a><\/li><\/ul>\t\t\t\t<\/div>\n\t\t\t<\/div>\n\n\t\t\t<a href=\"https:\/\/moewelt.com\/de\/portfolio\/garden-tools\/\"  class=\"lqd-overlay lqd-pf-overlay-link lqd-cc-label-trigger\" ><\/a>\n\t\t<\/div>\n\t<\/article>\n\n<\/div><\/div><\/div>\t\t\t\t<\/div>\n\t\t\t\t<\/div>\n\t\t\t\t\t<\/div>\n\t\t\t\t<\/div>\n\t\t\t\t<\/div>","protected":false},"excerpt":{"rendered":"<p>power tools &amp; diy Explore our robust collection of European power tools and DIY essentials, designed for precision, durability, and efficiency in all your home improvement projects. Circular Saw Power Tools &amp; DIY Driller Power Tools &amp; DIY<\/p>","protected":false},"author":1,"featured_media":0,"parent":6814,"menu_order":0,"comment_status":"closed","ping_status":"closed","template":"elementor_header_footer","meta":{"_joinchat":[],"footnotes":""},"class_list":["post-7350","page","type-page","status-publish","hentry"],"_links":{"self":[{"href":"https:\/\/moewelt.com\/de\/wp-json\/wp\/v2\/pages\/7350","targetHints":{"allow":["GET"]}}],"collection":[{"href":"https:\/\/moewelt.com\/de\/wp-json\/wp\/v2\/pages"}],"about":[{"href":"https:\/\/moewelt.com\/de\/wp-json\/wp\/v2\/types\/page"}],"author":[{"embeddable":true,"href":"https:\/\/moewelt.com\/de\/wp-json\/wp\/v2\/users\/1"}],"replies":[{"embeddable":true,"href":"https:\/\/moewelt.com\/de\/wp-json\/wp\/v2\/comments?post=7350"}],"version-history":[{"count":13,"href":"https:\/\/moewelt.com\/de\/wp-json\/wp\/v2\/pages\/7350\/revisions"}],"predecessor-version":[{"id":7367,"href":"https:\/\/moewelt.com\/de\/wp-json\/wp\/v2\/pages\/7350\/revisions\/7367"}],"up":[{"embeddable":true,"href":"https:\/\/moewelt.com\/de\/wp-json\/wp\/v2\/pages\/6814"}],"wp:attachment":[{"href":"https:\/\/moewelt.com\/de\/wp-json\/wp\/v2\/media?parent=7350"}],"curies":[{"name":"wp","href":"https:\/\/api.w.org\/{rel}","templated":true}]}}