{"id":7485,"date":"2025-02-11T09:04:35","date_gmt":"2025-02-11T09:04:35","guid":{"rendered":"https:\/\/moewelt.com\/?page_id=7485"},"modified":"2025-03-13T06:14:54","modified_gmt":"2025-03-13T06:14:54","slug":"imprint","status":"publish","type":"page","link":"https:\/\/moewelt.com\/de\/imprint\/","title":{"rendered":"Impressum"},"content":{"rendered":"<div data-elementor-type=\"wp-page\" data-elementor-id=\"7485\" class=\"elementor elementor-7485\" data-elementor-post-type=\"page\">\n\t\t\t\t<div class=\"elementor-element elementor-element-3769b7b e-flex e-con-boxed e-con e-parent\" data-id=\"3769b7b\" data-element_type=\"container\" data-e-type=\"container\">\n\t\t\t\t\t<div class=\"e-con-inner\">\n\t\t\t\t<div class=\"elementor-element elementor-element-124e40f elementor-widget elementor-widget-text-editor\" data-id=\"124e40f\" data-element_type=\"widget\" data-e-type=\"widget\" data-widget_type=\"text-editor.default\">\n\t\t\t\t<div class=\"elementor-widget-container\">\n\t\t\t\t\t\t\t\t\t<h4 data-start=\"31\" data-end=\"73\"><strong data-start=\"36\" data-end=\"71\">Angaben gem\u00e4\u00df \u00a7 5 TMG<\/strong><\/h4><p data-start=\"75\" data-end=\"134\"><strong data-start=\"75\" data-end=\"90\">moewelt GbR<\/strong><br data-start=\"90\" data-end=\"93\" \/>Hochfeld 13<br data-start=\"104\" data-end=\"107\" \/>21640 Horneburg<br data-start=\"122\" data-end=\"125\" \/>Deutschland<\/p><p data-start=\"136\" data-end=\"191\"><strong data-start=\"136\" data-end=\"155\">Vertreten durch:<\/strong><br data-start=\"155\" data-end=\"158\" \/>Sajith Karad and Nijesh Edathil<\/p><p data-start=\"193\" data-end=\"312\"><strong data-start=\"193\" data-end=\"205\">Kontakt:<\/strong><br data-start=\"205\" data-end=\"208\" \/>Telefon: +49 15560664930<br data-start=\"230\" data-end=\"233\" \/>Email: <a rel=\"noopener\" data-start=\"240\" data-end=\"257\">hello@moewelt.com<\/a><br data-start=\"257\" data-end=\"260\" \/>Webseite: <a href=\"https:\/\/moewelt.com\/de\/\" target=\"_new\" rel=\"noopener\" data-start=\"269\" data-end=\"310\">www.moewelt.com<\/a><\/p><p data-start=\"314\" data-end=\"413\"><strong data-start=\"314\" data-end=\"397\">Umsatzsteuer-Identifikationsnummer gem\u00e4\u00df \u00a7 27 a Umsatzsteuergesetz:<\/strong><br data-start=\"397\" data-end=\"400\" \/>DE365586024<\/p><h4 data-start=\"415\" data-end=\"480\"><strong data-start=\"420\" data-end=\"478\">Verantwortlich f\u00fcr den Inhalt nach \u00a7 55 Abs. 2 RStV:<\/strong><\/h4><p data-start=\"481\" data-end=\"533\">Sajith Karad and Nijesh Edathil<br data-start=\"512\" data-end=\"515\" \/>Adresse wie oben<\/p><hr data-start=\"535\" data-end=\"538\" \/><h3 data-start=\"540\" data-end=\"560\"><strong data-start=\"544\" data-end=\"558\">Haftungsausschluss<\/strong><\/h3><h4 data-start=\"562\" data-end=\"594\"><strong data-start=\"567\" data-end=\"592\">Haftung f\u00fcr Inhalte<\/strong><\/h4><p data-start=\"595\" data-end=\"905\">Als Diensteanbieter sind wir gem\u00e4\u00df \u00a7 7 Abs.1 TMG f\u00fcr eigene Inhalte auf diesen Seiten nach den allgemeinen Gesetzen verantwortlich. Nach \u00a7\u00a7 8 bis 10 TMG sind wir jedoch nicht verpflichtet, \u00fcbermittelte oder gespeicherte fremde Informationen zu \u00fcberwachen oder nach Umst\u00e4nden zu forschen, die auf eine rechtswidrige T\u00e4tigkeit hinweisen.<\/p><p data-start=\"907\" data-end=\"1201\">Verpflichtungen zur Entfernung oder Sperrung der Nutzung von Informationen nach den allgemeinen Gesetzen bleiben hiervon unber\u00fchrt. Eine diesbez\u00fcgliche Haftung ist jedoch erst ab dem Zeitpunkt der Kenntnis einer konkreten Rechtsverletzung m\u00f6glich. Bei Bekanntwerden von entsprechenden Rechtsverletzungen werden wir diese Inhalte umgehend entfernen.<\/p><h4 data-start=\"1203\" data-end=\"1233\"><strong data-start=\"1208\" data-end=\"1231\">Haftung f\u00fcr Links<\/strong><\/h4><p data-start=\"1234\" data-end=\"1631\">Unsere Website enth\u00e4lt Links zu externen Websites Dritter, auf deren Inhalte wir keinen Einfluss haben. Daher k\u00f6nnen wir f\u00fcr diese fremden Inhalte keine Haftung \u00fcbernehmen. F\u00fcr die Inhalte der verlinkten Seiten ist stets der jeweilige Anbieter oder Betreiber der Seiten verantwortlich. Die verlinkten Seiten wurden zum Zeitpunkt der Verlinkung auf m\u00f6gliche Rechtsverst\u00f6\u00dfe \u00fcberpr\u00fcft, und es wurden keine rechtswidrigen Inhalte festgestellt.<\/p><p data-start=\"1633\" data-end=\"1845\">Eine kontinuierliche \u00dcberwachung der Inhalte der verlinkten Seiten ist jedoch ohne konkrete Anhaltspunkte einer Rechtsverletzung nicht zumutbar. Wenn wir von rechtlichen Verst\u00f6\u00dfen Kenntnis erlangen, werden wir derartige Links umgehend entfernen.<\/p><h4 data-start=\"1847\" data-end=\"1867\"><strong data-start=\"1852\" data-end=\"1865\">Urheberrecht<\/strong><\/h4><p data-start=\"1868\" data-end=\"2137\">Die durch die Website-Betreiber erstellten Inhalte und Werke auf diesen Seiten unterliegen dem deutschen Urheberrecht. Die Vervielf\u00e4ltigung, Bearbeitung, Verbreitung und jede Art der Nutzung \u00fcber die Grenzen des Urheberrechts hinaus bed\u00fcrfen der schriftlichen Zustimmung des jeweiligen Autors oder Erstellers.<\/p><p data-start=\"2139\" data-end=\"2545\" data-is-last-node=\"\" data-is-only-node=\"\">Downloads und Kopien dieser Website sind nur f\u00fcr den privaten, nicht kommerziellen Gebrauch gestattet. Wenn Inhalte auf dieser Seite nicht vom Betreiber erstellt wurden, werden die Urheberrechte Dritter beachtet. Inhalte Dritter sind ausdr\u00fccklich als solche gekennzeichnet. Sollten Sie dennoch auf eine Urheberrechtsverletzung aufmerksam werden, bitten wir um einen entsprechenden Hinweis. Wenn wir von Rechtsverletzungen Kenntnis erlangen, werden wir derartige Inhalte umgehend entfernen.<\/p>\t\t\t\t\t\t\t\t<\/div>\n\t\t\t\t<\/div>\n\t\t\t\t\t<\/div>\n\t\t\t\t<\/div>\n\t\t\t\t<\/div>","protected":false},"excerpt":{"rendered":"<p>Information pursuant to \u00a7 5 TMG moewelt GbRHochfeld 1321640 HorneburgGermany Represented by:Sajith Karad and Nijesh Edathil Contact:Phone: +49 15560664930Email: hello@moewelt.comWebsite: www.moewelt.com VAT Identification Number pursuant to \u00a7 27 a of the German Value Added Tax Act:DE365586024 Responsible for content pursuant to \u00a7 55 para. 2 RStV: Sajith Karad and Nijesh EdathilAddress as above Disclaimer Liability [&hellip;]<\/p>","protected":false},"author":1,"featured_media":0,"parent":0,"menu_order":0,"comment_status":"closed","ping_status":"closed","template":"elementor_theme","meta":{"_joinchat":[],"footnotes":""},"class_list":["post-7485","page","type-page","status-publish","hentry"],"_links":{"self":[{"href":"https:\/\/moewelt.com\/de\/wp-json\/wp\/v2\/pages\/7485","targetHints":{"allow":["GET"]}}],"collection":[{"href":"https:\/\/moewelt.com\/de\/wp-json\/wp\/v2\/pages"}],"about":[{"href":"https:\/\/moewelt.com\/de\/wp-json\/wp\/v2\/types\/page"}],"author":[{"embeddable":true,"href":"https:\/\/moewelt.com\/de\/wp-json\/wp\/v2\/users\/1"}],"replies":[{"embeddable":true,"href":"https:\/\/moewelt.com\/de\/wp-json\/wp\/v2\/comments?post=7485"}],"version-history":[{"count":35,"href":"https:\/\/moewelt.com\/de\/wp-json\/wp\/v2\/pages\/7485\/revisions"}],"predecessor-version":[{"id":7855,"href":"https:\/\/moewelt.com\/de\/wp-json\/wp\/v2\/pages\/7485\/revisions\/7855"}],"wp:attachment":[{"href":"https:\/\/moewelt.com\/de\/wp-json\/wp\/v2\/media?parent=7485"}],"curies":[{"name":"wp","href":"https:\/\/api.w.org\/{rel}","templated":true}]}}